{"id":820,"date":"2024-04-09T06:44:43","date_gmt":"2024-04-09T06:44:43","guid":{"rendered":"https:\/\/showerglasshardware.com\/?post_type=product&#038;p=820"},"modified":"2026-03-30T06:15:48","modified_gmt":"2026-03-30T06:15:48","slug":"glass-to-wall-series-shower-glass-door-hinge-brass-90","status":"publish","type":"product","link":"https:\/\/showerglasshardware.com\/fr-fr\/product\/glass-to-wall-series-shower-glass-door-hinge-brass-90\/","title":{"rendered":"Charni\u00e8re de porte de douche en verre s\u00e9rie verre \u00e0 mur | Laiton | 90\u00b0SGH-A201"},"content":{"rendered":"<p data-start=\"498\" data-end=\"808\">La charni\u00e8re de porte de douche verre-mur SGH-A201 offre un \u00e9quilibre parfait entre r\u00e9sistance, pr\u00e9cision et style pour les cabines de douche en verre sans cadre. Fabriqu\u00e9e en laiton massif pour une durabilit\u00e9 sup\u00e9rieure et une r\u00e9sistance \u00e0 la corrosion, elle offre des performances durables dans les salles de bains r\u00e9sidentielles et commerciales.<\/p>\n<p data-start=\"810\" data-end=\"1151\">Con\u00e7ue pour une installation verre-mur \u00e0 90\u00b0, cette charni\u00e8re est dot\u00e9e d'un m\u00e9canisme de fermeture automatique \u00e0 environ 30\u00b0, assurant un retour en douceur et contr\u00f4l\u00e9 \u00e0 la position ferm\u00e9e. L'angle r\u00e9glable de la charni\u00e8re permet un alignement pr\u00e9cis lors de l'installation, tandis que les caches \u00e0 bille \u00e0 ressort assurent une finition propre et professionnelle.<\/p>\n<p data-start=\"1153\" data-end=\"1393\">Pouvant accueillir du verre de 6 \u00e0 10 mm d'\u00e9paisseur et supporter jusqu'\u00e0 45 kg par deux charni\u00e8res, la SGH-A201 est id\u00e9ale pour les portes de douche sans cadre de poids moyen \u00e0 \u00e9lev\u00e9. Disponible en plusieurs finitions de qualit\u00e9 sup\u00e9rieure, elle s'int\u00e8gre parfaitement \u00e0 tous les styles de salle de bains.<\/p>\n<p data-start=\"1395\" data-end=\"1414\"><strong data-start=\"1395\" data-end=\"1412\">Principales caract\u00e9ristiques:<\/strong><\/p>\n<ul data-start=\"1415\" data-end=\"1953\">\n<li data-start=\"1415\" data-end=\"1459\">\n<p data-start=\"1417\" data-end=\"1459\"><strong data-start=\"1417\" data-end=\"1426\">Taper:<\/strong> Charni\u00e8re de douche 90\u00b0 verre-mur<\/p>\n<\/li>\n<li data-start=\"1460\" data-end=\"1539\">\n<p data-start=\"1462\" data-end=\"1539\"><strong data-start=\"1462\" data-end=\"1475\">Mat\u00e9riel:<\/strong> Laiton massif pour une solidit\u00e9 et une r\u00e9sistance \u00e0 la corrosion exceptionnelles<\/p>\n<\/li>\n<li data-start=\"1540\" data-end=\"1592\">\n<p data-start=\"1542\" data-end=\"1592\"><strong data-start=\"1542\" data-end=\"1566\">Compatibilit\u00e9 du verre\u00a0:<\/strong> Convient au verre d'une \u00e9paisseur de 6 \u00e0 10 mm<\/p>\n<\/li>\n<li data-start=\"1593\" data-end=\"1650\">\n<p data-start=\"1595\" data-end=\"1650\"><strong data-start=\"1595\" data-end=\"1613\">Capacit\u00e9 de charge :<\/strong> Supporte jusqu'\u00e0 45 kg par deux charni\u00e8res<\/p>\n<\/li>\n<li data-start=\"1651\" data-end=\"1715\">\n<p data-start=\"1653\" data-end=\"1715\"><strong data-start=\"1653\" data-end=\"1666\">Fonction :<\/strong> Fermeture automatique \u00e0 environ 30\u00b0 pour un fonctionnement en douceur<\/p>\n<\/li>\n<li data-start=\"1716\" data-end=\"1780\">\n<p data-start=\"1718\" data-end=\"1780\"><strong data-start=\"1718\" data-end=\"1733\">Ajustement :<\/strong> Angle de charni\u00e8re r\u00e9glable pour un alignement pr\u00e9cis<\/p>\n<\/li>\n<li data-start=\"1781\" data-end=\"1850\">\n<p data-start=\"1783\" data-end=\"1850\"><strong data-start=\"1783\" data-end=\"1794\">Conception :<\/strong> Capuchons \u00e0 billes \u00e0 ressort pour un aspect propre et moderne<\/p>\n<\/li>\n<li data-start=\"1851\" data-end=\"1953\">\n<p data-start=\"1853\" data-end=\"1953\"><strong data-start=\"1853\" data-end=\"1870\">Applications :<\/strong> Convient aux portes de douche en verre sans cadre dans les projets r\u00e9sidentiels et commerciaux<\/p>\n<\/li>\n<\/ul>\n<p data-start=\"1955\" data-end=\"1976\"><strong data-start=\"1955\" data-end=\"1974\">Caract\u00e9ristiques:<\/strong><\/p>\n<ul data-start=\"1977\" data-end=\"2279\">\n<li data-start=\"1977\" data-end=\"2000\">\n<p data-start=\"1979\" data-end=\"2000\"><strong data-start=\"1979\" data-end=\"1989\">Mod\u00e8le :<\/strong> SGH-A201<\/p>\n<\/li>\n<li data-start=\"2001\" data-end=\"2038\">\n<p data-start=\"2003\" data-end=\"2038\"><strong data-start=\"2003\" data-end=\"2012\">Taper:<\/strong> Charni\u00e8re verre-mur \u00e0 90\u00b0<\/p>\n<\/li>\n<li data-start=\"2039\" data-end=\"2062\">\n<p data-start=\"2041\" data-end=\"2062\"><strong data-start=\"2041\" data-end=\"2054\">Mat\u00e9riel:<\/strong> Laiton<\/p>\n<\/li>\n<li data-start=\"2063\" data-end=\"2099\">\n<p data-start=\"2065\" data-end=\"2099\"><strong data-start=\"2065\" data-end=\"2090\">S'adapte \u00e0 l'\u00e9paisseur du verre :<\/strong> 6-10mm<\/p>\n<\/li>\n<li data-start=\"2100\" data-end=\"2136\">\n<p data-start=\"2102\" data-end=\"2136\"><strong data-start=\"2102\" data-end=\"2122\">Poids maximal de la porte :<\/strong> 45kg \/ 2pcs<\/p>\n<\/li>\n<li data-start=\"2137\" data-end=\"2184\">\n<p data-start=\"2139\" data-end=\"2184\"><strong data-start=\"2139\" data-end=\"2156\">Type de fermeture :<\/strong> Fermeture automatique \u00e0 environ 30\u00b0<\/p>\n<\/li>\n<li data-start=\"2185\" data-end=\"2279\">\n<p data-start=\"2187\" data-end=\"2279\"><strong data-start=\"2187\" data-end=\"2206\">Options de finition :<\/strong> Chrome poli, Or poli, Nickel bross\u00e9, M\u00e9tal Gun, Noir mat<\/p>\n<\/li>\n<\/ul>","protected":false},"excerpt":{"rendered":"<ul>\n<li>Mat\u00e9riel: Laiton<\/li>\n<li>\u00c9paisseur du verre : 6 \u00e0 10 mm<\/li>\n<li>Fermeture automatique \u00e0 environ 30\u00b0<\/li>\n<li>Max. poids de la porte en verre : 45 kg \/ 2 pi\u00e8ces<\/li>\n<li>Verre au mur 90\u00b0<\/li>\n<li>Angle de charni\u00e8re r\u00e9glable<\/li>\n<li>Capuchons de protection \u00e0 bille \u00e0 ressort<\/li>\n<li>Finition : Chrome poli ; Or poli\u00a0; Nickel bross\u00e9\u00a0; M\u00e9tal \u00e0 canon\u00a0; Noir mat<\/li>\n<\/ul>","protected":false},"featured_media":3049,"comment_status":"open","ping_status":"closed","template":"","meta":{"_acf_changed":false},"product_brand":[],"product_cat":[20,21],"product_tag":[131],"class_list":{"0":"post-820","1":"product","2":"type-product","3":"status-publish","4":"has-post-thumbnail","6":"product_cat-shower-door-hinges","7":"product_cat-glass-to-wall-hinges","8":"product_tag-wall-mount-hinges","9":"pa_finish-brushed-nickel","10":"pa_finish-chrome","11":"pa_finish-gold","12":"pa_finish-gun-metal","13":"pa_finish-black","14":"pa_glass-thickness-6-10-mm","15":"pa_load-bearing-45kg-2pcs","16":"pa_material-brass","18":"first","19":"instock","20":"product-type-variable","21":"has-default-attributes"},"acf":[],"_links":{"self":[{"href":"https:\/\/showerglasshardware.com\/fr-fr\/wp-json\/wp\/v2\/product\/820","targetHints":{"allow":["GET"]}}],"collection":[{"href":"https:\/\/showerglasshardware.com\/fr-fr\/wp-json\/wp\/v2\/product"}],"about":[{"href":"https:\/\/showerglasshardware.com\/fr-fr\/wp-json\/wp\/v2\/types\/product"}],"replies":[{"embeddable":true,"href":"https:\/\/showerglasshardware.com\/fr-fr\/wp-json\/wp\/v2\/comments?post=820"}],"version-history":[{"count":3,"href":"https:\/\/showerglasshardware.com\/fr-fr\/wp-json\/wp\/v2\/product\/820\/revisions"}],"predecessor-version":[{"id":5278,"href":"https:\/\/showerglasshardware.com\/fr-fr\/wp-json\/wp\/v2\/product\/820\/revisions\/5278"}],"wp:featuredmedia":[{"embeddable":true,"href":"https:\/\/showerglasshardware.com\/fr-fr\/wp-json\/wp\/v2\/media\/3049"}],"wp:attachment":[{"href":"https:\/\/showerglasshardware.com\/fr-fr\/wp-json\/wp\/v2\/media?parent=820"}],"wp:term":[{"taxonomy":"product_brand","embeddable":true,"href":"https:\/\/showerglasshardware.com\/fr-fr\/wp-json\/wp\/v2\/product_brand?post=820"},{"taxonomy":"product_cat","embeddable":true,"href":"https:\/\/showerglasshardware.com\/fr-fr\/wp-json\/wp\/v2\/product_cat?post=820"},{"taxonomy":"product_tag","embeddable":true,"href":"https:\/\/showerglasshardware.com\/fr-fr\/wp-json\/wp\/v2\/product_tag?post=820"}],"curies":[{"name":"wp","href":"https:\/\/api.w.org\/{rel}","templated":true}]}}