{"id":826,"date":"2024-04-09T07:11:25","date_gmt":"2024-04-09T07:11:25","guid":{"rendered":"https:\/\/showerglasshardware.com\/?post_type=product&#038;p=826"},"modified":"2025-11-21T02:46:06","modified_gmt":"2025-11-21T02:46:06","slug":"glass-to-wall-series-shower-glass-door-offset-hinge-brass-90","status":"publish","type":"product","link":"https:\/\/showerglasshardware.com\/fr-fr\/product\/glass-to-wall-series-shower-glass-door-offset-hinge-brass-90\/","title":{"rendered":"Charni\u00e8re d\u00e9port\u00e9e pour porte de douche en verre de la s\u00e9rie Glass to Wall | Laiton | 90\u00b0 SD1601L"},"content":{"rendered":"<p data-start=\"508\" data-end=\"822\">La charni\u00e8re de porte de douche d\u00e9cal\u00e9e verre\/mur SD1601L est une charni\u00e8re en laiton de qualit\u00e9 sup\u00e9rieure con\u00e7ue pour les cabines de douche sans cadre qui n\u00e9cessitent un montage d\u00e9cal\u00e9 \u00e0 90\u00b0. Sa plaque arri\u00e8re d\u00e9cal\u00e9e permet une installation flexible lorsque le mur et le verre ne sont pas parfaitement align\u00e9s, tout en conservant un aspect propre et moderne.<\/p>\n<p data-start=\"824\" data-end=\"1078\">Cette charni\u00e8re est dot\u00e9e d'un m\u00e9canisme de fermeture automatique \u00e0 environ 30\u00b0, ce qui garantit un retour en douceur et contr\u00f4l\u00e9 de la porte. L'angle de la charni\u00e8re est r\u00e9glable, ce qui permet un r\u00e9glage fin apr\u00e8s l'installation, et les caches de la boule \u00e0 ressort offrent un aspect soign\u00e9 et fini.<\/p>\n<p data-start=\"1080\" data-end=\"1314\">Fabriqu\u00e9 en laiton massif pour une solidit\u00e9 et une r\u00e9sistance \u00e0 la corrosion sup\u00e9rieures, le SGH-1601L peut accueillir du verre de 6 \u00e0 12 mm et supporte jusqu'\u00e0 35 kg par deux charni\u00e8res, ce qui le rend id\u00e9al pour les projets de salles de bains r\u00e9sidentielles et commerciales.<\/p>\n<p data-start=\"1316\" data-end=\"1335\"><strong data-start=\"1316\" data-end=\"1333\">Principales caract\u00e9ristiques:<\/strong><\/p>\n<ul data-start=\"1336\" data-end=\"1817\">\n<li data-start=\"1336\" data-end=\"1388\">\n<p data-start=\"1338\" data-end=\"1388\"><strong data-start=\"1338\" data-end=\"1347\">Taper:<\/strong> Charni\u00e8re de douche d\u00e9cal\u00e9e verre\/mur, 90\u00b0.<\/p>\n<\/li>\n<li data-start=\"1389\" data-end=\"1446\">\n<p data-start=\"1391\" data-end=\"1446\"><strong data-start=\"1391\" data-end=\"1404\">Mat\u00e9riel:<\/strong> Laiton massif pour une longue dur\u00e9e de vie<\/p>\n<\/li>\n<li data-start=\"1447\" data-end=\"1499\">\n<p data-start=\"1449\" data-end=\"1499\"><strong data-start=\"1449\" data-end=\"1473\">Compatibilit\u00e9 du verre\u00a0:<\/strong> Convient au verre d'une \u00e9paisseur de 6 \u00e0 12 mm<\/p>\n<\/li>\n<li data-start=\"1500\" data-end=\"1557\">\n<p data-start=\"1502\" data-end=\"1557\"><strong data-start=\"1502\" data-end=\"1520\">Capacit\u00e9 de charge :<\/strong> Supporte jusqu'\u00e0 35 kg par deux charni\u00e8res<\/p>\n<\/li>\n<li data-start=\"1558\" data-end=\"1617\">\n<p data-start=\"1560\" data-end=\"1617\"><strong data-start=\"1560\" data-end=\"1571\">Conception :<\/strong> Plaque arri\u00e8re d\u00e9cal\u00e9e pour une installation flexible<\/p>\n<\/li>\n<li data-start=\"1618\" data-end=\"1661\">\n<p data-start=\"1620\" data-end=\"1661\"><strong data-start=\"1620\" data-end=\"1633\">Fonction :<\/strong> Fermeture automatique \u00e0 environ 30\u00b0<\/p>\n<\/li>\n<li data-start=\"1662\" data-end=\"1726\">\n<p data-start=\"1664\" data-end=\"1726\"><strong data-start=\"1664\" data-end=\"1679\">Ajustement :<\/strong> Angle de charni\u00e8re r\u00e9glable pour un alignement pr\u00e9cis<\/p>\n<\/li>\n<li data-start=\"1727\" data-end=\"1817\">\n<p data-start=\"1729\" data-end=\"1817\"><strong data-start=\"1729\" data-end=\"1746\">Applications :<\/strong> Portes de douche en verre sans cadre dans les salles de bains r\u00e9sidentielles et commerciales<\/p>\n<\/li>\n<\/ul>\n<p data-start=\"1819\" data-end=\"1840\"><strong data-start=\"1819\" data-end=\"1838\">Caract\u00e9ristiques:<\/strong><\/p>\n<ul data-start=\"1841\" data-end=\"2151\">\n<li data-start=\"1841\" data-end=\"1865\">\n<p data-start=\"1843\" data-end=\"1865\"><strong data-start=\"1843\" data-end=\"1853\">Mod\u00e8le :<\/strong> SGH-1601L<\/p>\n<\/li>\n<li data-start=\"1866\" data-end=\"1910\">\n<p data-start=\"1868\" data-end=\"1910\"><strong data-start=\"1868\" data-end=\"1877\">Taper:<\/strong> Charni\u00e8re d\u00e9cal\u00e9e 90\u00b0 verre-mur<\/p>\n<\/li>\n<li data-start=\"1911\" data-end=\"1934\">\n<p data-start=\"1913\" data-end=\"1934\"><strong data-start=\"1913\" data-end=\"1926\">Mat\u00e9riel:<\/strong> Laiton<\/p>\n<\/li>\n<li data-start=\"1935\" data-end=\"1971\">\n<p data-start=\"1937\" data-end=\"1971\"><strong data-start=\"1937\" data-end=\"1962\">S'adapte \u00e0 l'\u00e9paisseur du verre :<\/strong> 6-12mm<\/p>\n<\/li>\n<li data-start=\"1972\" data-end=\"2008\">\n<p data-start=\"1974\" data-end=\"2008\"><strong data-start=\"1974\" data-end=\"1994\">Poids maximal de la porte :<\/strong> 35kg \/ 2pcs<\/p>\n<\/li>\n<li data-start=\"2009\" data-end=\"2056\">\n<p data-start=\"2011\" data-end=\"2056\"><strong data-start=\"2011\" data-end=\"2028\">Type de fermeture :<\/strong> Fermeture automatique \u00e0 environ 30\u00b0<\/p>\n<\/li>\n<li data-start=\"2057\" data-end=\"2151\">\n<p data-start=\"2059\" data-end=\"2151\"><strong data-start=\"2059\" data-end=\"2078\">Options de finition :<\/strong> Chrome poli, Or poli, Nickel bross\u00e9, M\u00e9tal Gun, Noir mat<\/p>\n<\/li>\n<\/ul>\n<h2 id=\"tablepress-6-name\" class=\"tablepress-table-name tablepress-table-name-id-6\">Pinces de porte de douche en laiton S\u00e9rie SD16xx<\/h2>\n\n<table id=\"tablepress-6\" class=\"tablepress tablepress-id-6\" aria-labelledby=\"tablepress-6-name\">\n<thead>\n<tr class=\"row-1\">\n\t<th class=\"column-1\"><strong>Mod\u00e8le<\/strong><\/th><th class=\"column-2\"><strong>Image<\/strong><\/th><th class=\"column-3\"><strong>Type de montage<\/strong><\/th><th class=\"column-4\"><strong>Type de fermeture<\/strong><\/th><th class=\"column-5\"><strong>R\u00e9glable<\/strong><\/th><th class=\"column-6\"><strong>Fonctionnalit\u00e9<\/strong><\/th>\n<\/tr>\n<\/thead>\n<tbody class=\"row-striping row-hover\">\n<tr class=\"row-2\">\n\t<td class=\"column-1\"><a href=\"https:\/\/showerglasshardware.com\/fr-fr\/product\/90-degree-adjustable-brass-glass-to-wall-hinge-ac1601a\/\">SD1601A<\/a><\/td><td class=\"column-2\"><a href=\"https:\/\/showerglasshardware.com\/wp-content\/uploads\/2024\/05\/1601-5.jpg\"><img decoding=\"async\" src=\"https:\/\/showerglasshardware.com\/wp-content\/uploads\/2024\/05\/1601-5-300x300.jpg\" alt=\"Charni\u00e8re murale en laiton ajustable \u00e0 90 degr\u00e9s pour le verre, en noir mat\" width=\"60\" height=\"60\" class=\"alignnone size-medium wp-image-1846\" title=\"\" srcset=\"https:\/\/showerglasshardware.com\/wp-content\/uploads\/2024\/05\/1601-5-300x300.jpg 300w, https:\/\/showerglasshardware.com\/wp-content\/uploads\/2024\/05\/1601-5-100x100.jpg 100w, https:\/\/showerglasshardware.com\/wp-content\/uploads\/2024\/05\/1601-5-600x600.jpg 600w, https:\/\/showerglasshardware.com\/wp-content\/uploads\/2024\/05\/1601-5-150x150.jpg 150w, https:\/\/showerglasshardware.com\/wp-content\/uploads\/2024\/05\/1601-5-768x768.jpg 768w, https:\/\/showerglasshardware.com\/wp-content\/uploads\/2024\/05\/1601-5-12x12.jpg 12w, https:\/\/showerglasshardware.com\/wp-content\/uploads\/2024\/05\/1601-5.jpg 800w\" sizes=\"(max-width: 60px) 100vw, 60px\" \/><\/a><\/td><td class=\"column-3\">Plaque compl\u00e8te de 90\u00b0 entre le verre et le mur<\/td><td class=\"column-4\">Fermeture automatique \u00e0 environ 30\u00b0<\/td><td class=\"column-5\">Oui<\/td><td class=\"column-6\">Avec couverture<\/td>\n<\/tr>\n<tr class=\"row-3\">\n\t<td class=\"column-1\"><a href=\"https:\/\/showerglasshardware.com\/fr-fr\/product\/glass-to-wall-series-shower-glass-door-offset-hinge-brass-90\/\">SD1601L<\/a><\/td><td class=\"column-2\"><a href=\"https:\/\/showerglasshardware.com\/wp-content\/uploads\/2024\/04\/1601-5.jpg\"><img decoding=\"async\" src=\"https:\/\/showerglasshardware.com\/wp-content\/uploads\/2024\/04\/1601-5-300x300.jpg\" alt=\"Charni\u00e8re en laiton pour porte de douche en verre \u00e0 90 degr\u00e9s\" width=\"60\" height=\"60\" class=\"alignnone size-medium wp-image-1994\" title=\"\" srcset=\"https:\/\/showerglasshardware.com\/wp-content\/uploads\/2024\/04\/1601-5-300x300.jpg 300w, https:\/\/showerglasshardware.com\/wp-content\/uploads\/2024\/04\/1601-5-100x100.jpg 100w, https:\/\/showerglasshardware.com\/wp-content\/uploads\/2024\/04\/1601-5-600x600.jpg 600w, https:\/\/showerglasshardware.com\/wp-content\/uploads\/2024\/04\/1601-5-150x150.jpg 150w, https:\/\/showerglasshardware.com\/wp-content\/uploads\/2024\/04\/1601-5-768x768.jpg 768w, https:\/\/showerglasshardware.com\/wp-content\/uploads\/2024\/04\/1601-5-12x12.jpg 12w, https:\/\/showerglasshardware.com\/wp-content\/uploads\/2024\/04\/1601-5.jpg 800w\" sizes=\"(max-width: 60px) 100vw, 60px\" \/><\/a><\/td><td class=\"column-3\">Plaque d\u00e9cal\u00e9e verre au mur \u00e0 90\u00b0<\/td><td class=\"column-4\">Fermeture automatique \u00e0 environ 30\u00b0<\/td><td class=\"column-5\">Oui<\/td><td class=\"column-6\">Avec couverture<\/td>\n<\/tr>\n<tr class=\"row-4\">\n\t<td class=\"column-1\"><a href=\"https:\/\/showerglasshardware.com\/fr-fr\/product\/90-degree-glass-to-glass-spring-hinges-sgh-1602\/\">SD1602<\/a><\/td><td class=\"column-2\"><a href=\"https:\/\/showerglasshardware.com\/wp-content\/uploads\/2024\/05\/1602-5.jpg\"><img decoding=\"async\" src=\"https:\/\/showerglasshardware.com\/wp-content\/uploads\/2024\/05\/1602-5-300x300.jpg\" alt=\"Ressorts de charni\u00e8re de porte de douche sans cadre noir mat\" width=\"60\" height=\"60\" class=\"alignnone size-medium wp-image-1897\" title=\"\" srcset=\"https:\/\/showerglasshardware.com\/wp-content\/uploads\/2024\/05\/1602-5-300x300.jpg 300w, https:\/\/showerglasshardware.com\/wp-content\/uploads\/2024\/05\/1602-5-100x100.jpg 100w, https:\/\/showerglasshardware.com\/wp-content\/uploads\/2024\/05\/1602-5-600x600.jpg 600w, https:\/\/showerglasshardware.com\/wp-content\/uploads\/2024\/05\/1602-5-150x150.jpg 150w, https:\/\/showerglasshardware.com\/wp-content\/uploads\/2024\/05\/1602-5-768x768.jpg 768w, https:\/\/showerglasshardware.com\/wp-content\/uploads\/2024\/05\/1602-5-12x12.jpg 12w, https:\/\/showerglasshardware.com\/wp-content\/uploads\/2024\/05\/1602-5.jpg 800w\" sizes=\"(max-width: 60px) 100vw, 60px\" \/><\/a><\/td><td class=\"column-3\">Verre \u00e0 Verre 90\u00b0<\/td><td class=\"column-4\">Fermeture automatique \u00e0 environ 30\u00b0<\/td><td class=\"column-5\">Oui<\/td><td class=\"column-6\">Avec couverture<\/td>\n<\/tr>\n<tr class=\"row-5\">\n\t<td class=\"column-1\"><a href=\"https:\/\/showerglasshardware.com\/fr-fr\/product\/135-degree-glass-to-glass-spring-hinges-sgh-1603\/\">SD1603<\/a><\/td><td class=\"column-2\"><a href=\"https:\/\/showerglasshardware.com\/wp-content\/uploads\/2024\/03\/1603-5.jpg\"><img loading=\"lazy\" decoding=\"async\" src=\"https:\/\/showerglasshardware.com\/wp-content\/uploads\/2024\/03\/1603-5-300x300.jpg\" alt=\"Charni\u00e8re \u00e0 ressort pour porte verre-verre mod\u00e8le SGH-1603\" width=\"60\" height=\"60\" class=\"alignnone size-medium wp-image-1881\" title=\"\" srcset=\"https:\/\/showerglasshardware.com\/wp-content\/uploads\/2024\/03\/1603-5-300x300.jpg 300w, https:\/\/showerglasshardware.com\/wp-content\/uploads\/2024\/03\/1603-5-100x100.jpg 100w, https:\/\/showerglasshardware.com\/wp-content\/uploads\/2024\/03\/1603-5-600x600.jpg 600w, https:\/\/showerglasshardware.com\/wp-content\/uploads\/2024\/03\/1603-5-150x150.jpg 150w, https:\/\/showerglasshardware.com\/wp-content\/uploads\/2024\/03\/1603-5-768x768.jpg 768w, https:\/\/showerglasshardware.com\/wp-content\/uploads\/2024\/03\/1603-5-12x12.jpg 12w, https:\/\/showerglasshardware.com\/wp-content\/uploads\/2024\/03\/1603-5.jpg 800w\" sizes=\"(max-width: 60px) 100vw, 60px\" \/><\/a><\/td><td class=\"column-3\">Verre \u00e0 Verre 135\u00b0<\/td><td class=\"column-4\">Fermeture automatique \u00e0 environ 30\u00b0<\/td><td class=\"column-5\">Oui<\/td><td class=\"column-6\">Avec couverture<\/td>\n<\/tr>\n<tr class=\"row-6\">\n\t<td class=\"column-1\"><a href=\"https:\/\/showerglasshardware.com\/fr-fr\/product\/180-glass-to-glass-spring-hinges-brass-sgh-1064\/\">SD1604<\/a><\/td><td class=\"column-2\"><a href=\"https:\/\/showerglasshardware.com\/wp-content\/uploads\/2024\/03\/GHC1604A-6.jpg\"><img loading=\"lazy\" decoding=\"async\" src=\"https:\/\/showerglasshardware.com\/wp-content\/uploads\/2024\/03\/GHC1604A-6-300x300.jpg\" alt=\"Charni\u00e8re \u00e0 ressort en laiton reliant les panneaux de verre \u00e0 180 degr\u00e9s\" width=\"60\" height=\"60\" class=\"alignnone size-medium wp-image-1876\" title=\"\" srcset=\"https:\/\/showerglasshardware.com\/wp-content\/uploads\/2024\/03\/GHC1604A-6-300x300.jpg 300w, https:\/\/showerglasshardware.com\/wp-content\/uploads\/2024\/03\/GHC1604A-6-100x100.jpg 100w, https:\/\/showerglasshardware.com\/wp-content\/uploads\/2024\/03\/GHC1604A-6-600x600.jpg 600w, https:\/\/showerglasshardware.com\/wp-content\/uploads\/2024\/03\/GHC1604A-6-150x150.jpg 150w, https:\/\/showerglasshardware.com\/wp-content\/uploads\/2024\/03\/GHC1604A-6-768x768.jpg 768w, https:\/\/showerglasshardware.com\/wp-content\/uploads\/2024\/03\/GHC1604A-6-12x12.jpg 12w, https:\/\/showerglasshardware.com\/wp-content\/uploads\/2024\/03\/GHC1604A-6.jpg 800w\" sizes=\"(max-width: 60px) 100vw, 60px\" \/><\/a><\/td><td class=\"column-3\">Verre \u00e0 Verre 180\u00b0<\/td><td class=\"column-4\">Fermeture automatique \u00e0 environ 30\u00b0<\/td><td class=\"column-5\">Oui<\/td><td class=\"column-6\">Avec couverture<\/td>\n<\/tr>\n<tr class=\"row-7\">\n\t<td class=\"column-1\"><a href=\"https:\/\/showerglasshardware.com\/fr-fr\/product\/180-degree-glass-to-wall-spring-hinges-sgh-1605\/\">SD1605<\/a><\/td><td class=\"column-2\"><a href=\"https:\/\/showerglasshardware.com\/wp-content\/uploads\/2024\/03\/1605-5.jpg\"><img loading=\"lazy\" decoding=\"async\" src=\"https:\/\/showerglasshardware.com\/wp-content\/uploads\/2024\/03\/1605-5-300x300.jpg\" alt=\"Charni\u00e8re \u00e0 ressort entre le verre et le mur en position d&#039;ouverture \u00e0 180 degr\u00e9s\" width=\"60\" height=\"60\" class=\"alignnone size-medium wp-image-1902\" title=\"\" srcset=\"https:\/\/showerglasshardware.com\/wp-content\/uploads\/2024\/03\/1605-5-300x300.jpg 300w, https:\/\/showerglasshardware.com\/wp-content\/uploads\/2024\/03\/1605-5-100x100.jpg 100w, https:\/\/showerglasshardware.com\/wp-content\/uploads\/2024\/03\/1605-5-600x600.jpg 600w, https:\/\/showerglasshardware.com\/wp-content\/uploads\/2024\/03\/1605-5-150x150.jpg 150w, https:\/\/showerglasshardware.com\/wp-content\/uploads\/2024\/03\/1605-5-768x768.jpg 768w, https:\/\/showerglasshardware.com\/wp-content\/uploads\/2024\/03\/1605-5-12x12.jpg 12w, https:\/\/showerglasshardware.com\/wp-content\/uploads\/2024\/03\/1605-5.jpg 800w\" sizes=\"(max-width: 60px) 100vw, 60px\" \/><\/a><\/td><td class=\"column-3\">Verre au mur 180\u00b0<\/td><td class=\"column-4\">Fermeture automatique \u00e0 environ 30\u00b0<\/td><td class=\"column-5\">Oui<\/td><td class=\"column-6\">Avec couverture<\/td>\n<\/tr>\n<\/tbody>\n<\/table>\n<!-- #tablepress-6 from cache -->","protected":false},"excerpt":{"rendered":"<ul>\n<li>Mat\u00e9riel: Laiton<\/li>\n<li>\u00c9paisseur du verre : 6 \u00e0 12 mm<\/li>\n<li>Fermeture automatique \u00e0 environ 30\u00b0<\/li>\n<li>Max. poids de la porte en verre : 35 kg \/ 2 pi\u00e8ces<\/li>\n<li>Charni\u00e8re d\u00e9cal\u00e9e verre \u00e0 mur \u00e0 90\u00b0<\/li>\n<li>Angle de charni\u00e8re r\u00e9glable<\/li>\n<li>Capuchons de protection \u00e0 bille \u00e0 ressort<\/li>\n<li>Finition : Chrome poli ; Or poli\u00a0; Nickel bross\u00e9\u00a0; M\u00e9tal \u00e0 canon\u00a0; Noir mat<\/li>\n<\/ul>","protected":false},"featured_media":3047,"comment_status":"open","ping_status":"closed","template":"","meta":{"_acf_changed":false},"product_brand":[],"product_cat":[20,170],"product_tag":[129],"class_list":{"0":"post-826","1":"product","2":"type-product","3":"status-publish","4":"has-post-thumbnail","6":"product_cat-shower-door-hinges","7":"product_cat-offset-wall-to-glass-hinges","8":"product_tag-offset-wall-mount-hinges","9":"pa_finish-brushed-nickel","10":"pa_finish-chrome","11":"pa_finish-gold","12":"pa_finish-gun-metal","13":"pa_finish-black","14":"pa_glass-thickness-1-2-inch-12mm","15":"pa_glass-thickness-1-4-inch-6mm","16":"pa_glass-thickness-3-8-inch-10mm","17":"pa_glass-thickness-5-16-inch-8mm","18":"pa_load-bearing-35kg-2pcs","19":"pa_material-brass","21":"first","22":"instock","23":"product-type-variable","24":"has-default-attributes"},"acf":[],"_links":{"self":[{"href":"https:\/\/showerglasshardware.com\/fr-fr\/wp-json\/wp\/v2\/product\/826","targetHints":{"allow":["GET"]}}],"collection":[{"href":"https:\/\/showerglasshardware.com\/fr-fr\/wp-json\/wp\/v2\/product"}],"about":[{"href":"https:\/\/showerglasshardware.com\/fr-fr\/wp-json\/wp\/v2\/types\/product"}],"replies":[{"embeddable":true,"href":"https:\/\/showerglasshardware.com\/fr-fr\/wp-json\/wp\/v2\/comments?post=826"}],"version-history":[{"count":5,"href":"https:\/\/showerglasshardware.com\/fr-fr\/wp-json\/wp\/v2\/product\/826\/revisions"}],"predecessor-version":[{"id":4895,"href":"https:\/\/showerglasshardware.com\/fr-fr\/wp-json\/wp\/v2\/product\/826\/revisions\/4895"}],"wp:featuredmedia":[{"embeddable":true,"href":"https:\/\/showerglasshardware.com\/fr-fr\/wp-json\/wp\/v2\/media\/3047"}],"wp:attachment":[{"href":"https:\/\/showerglasshardware.com\/fr-fr\/wp-json\/wp\/v2\/media?parent=826"}],"wp:term":[{"taxonomy":"product_brand","embeddable":true,"href":"https:\/\/showerglasshardware.com\/fr-fr\/wp-json\/wp\/v2\/product_brand?post=826"},{"taxonomy":"product_cat","embeddable":true,"href":"https:\/\/showerglasshardware.com\/fr-fr\/wp-json\/wp\/v2\/product_cat?post=826"},{"taxonomy":"product_tag","embeddable":true,"href":"https:\/\/showerglasshardware.com\/fr-fr\/wp-json\/wp\/v2\/product_tag?post=826"}],"curies":[{"name":"wp","href":"https:\/\/api.w.org\/{rel}","templated":true}]}}