{"id":860,"date":"2024-04-15T06:19:30","date_gmt":"2024-04-15T06:19:30","guid":{"rendered":"https:\/\/showerglasshardware.com\/?post_type=product&#038;p=860"},"modified":"2025-11-21T02:45:29","modified_gmt":"2025-11-21T02:45:29","slug":"glass-to-wall-series-shower-glass-door-hinge-sgh-gtw1501","status":"publish","type":"product","link":"https:\/\/showerglasshardware.com\/fr-fr\/product\/glass-to-wall-series-shower-glass-door-hinge-sgh-gtw1501\/","title":{"rendered":"Charni\u00e8res pour portes de douche verre-mur - GTW1501 | Charni\u00e8re ajustable en laiton 90\u00b0."},"content":{"rendered":"<p data-start=\"498\" data-end=\"654\">La charni\u00e8re de porte verre-mur GTW1501 offre un \u00e9quilibre parfait entre r\u00e9sistance, pr\u00e9cision et style moderne pour les cabines de douche en verre sans cadre.<\/p>\n<p data-start=\"656\" data-end=\"968\">Fabriqu\u00e9e en laiton massif, cette charni\u00e8re mur-verre \u00e0 90\u00b0 est con\u00e7ue pour un verre d'une \u00e9paisseur de 6 \u00e0 10 mm et dispose d'un angle de charni\u00e8re r\u00e9glable pour faciliter l'installation et l'alignement. Avec un m\u00e9canisme de fermeture automatique \u00e0 environ 30\u00b0, elle assure une fermeture douce et contr\u00f4l\u00e9e qui aide \u00e0 contenir l'eau \u00e0 l'int\u00e9rieur de la douche.<\/p>\n<p data-start=\"970\" data-end=\"1252\">Chaque jeu de deux charni\u00e8res supporte un poids de porte maximal de 45 kg, ce qui les rend id\u00e9ales pour un usage r\u00e9sidentiel et commercial. La GTW1501 est disponible en chrome poli, or poli, nickel bross\u00e9, m\u00e9tal arm\u00e9 et noir mat pour s'adapter \u00e0 diff\u00e9rents styles de salles de bains.<\/p>\n<p data-start=\"1254\" data-end=\"1273\"><strong data-start=\"1254\" data-end=\"1271\">Principales caract\u00e9ristiques:<\/strong><\/p>\n<ul data-start=\"1274\" data-end=\"1818\">\n<li data-start=\"1274\" data-end=\"1331\">\n<p data-start=\"1276\" data-end=\"1331\"><strong data-start=\"1276\" data-end=\"1285\">Taper:<\/strong> Charni\u00e8re pour porte de douche murale et vitr\u00e9e, 90\u00b0.<\/p>\n<\/li>\n<li data-start=\"1332\" data-end=\"1401\">\n<p data-start=\"1334\" data-end=\"1401\"><strong data-start=\"1334\" data-end=\"1347\">Mat\u00e9riel:<\/strong> Laiton massif pour la durabilit\u00e9 et la r\u00e9sistance \u00e0 la corrosion<\/p>\n<\/li>\n<li data-start=\"1402\" data-end=\"1454\">\n<p data-start=\"1404\" data-end=\"1454\"><strong data-start=\"1404\" data-end=\"1428\">Compatibilit\u00e9 du verre\u00a0:<\/strong> Convient au verre d'une \u00e9paisseur de 6 \u00e0 10 mm<\/p>\n<\/li>\n<li data-start=\"1455\" data-end=\"1510\">\n<p data-start=\"1457\" data-end=\"1510\"><strong data-start=\"1457\" data-end=\"1474\">Fermeture automatique :<\/strong> Fermeture automatique \u00e0 environ 30\u00b0.<\/p>\n<\/li>\n<li data-start=\"1511\" data-end=\"1582\">\n<p data-start=\"1513\" data-end=\"1582\"><strong data-start=\"1513\" data-end=\"1534\">Angle r\u00e9glable :<\/strong> Permet un r\u00e9glage fin pour un alignement parfait de la porte<\/p>\n<\/li>\n<li data-start=\"1583\" data-end=\"1640\">\n<p data-start=\"1585\" data-end=\"1640\"><strong data-start=\"1585\" data-end=\"1603\">Capacit\u00e9 de charge :<\/strong> Supporte jusqu'\u00e0 45 kg par deux charni\u00e8res<\/p>\n<\/li>\n<li data-start=\"1641\" data-end=\"1735\">\n<p data-start=\"1643\" data-end=\"1735\"><strong data-start=\"1643\" data-end=\"1662\">Options de finition :<\/strong> Chrome poli, Or poli, Nickel bross\u00e9, M\u00e9tal Gun, Noir mat<\/p>\n<\/li>\n<li data-start=\"1736\" data-end=\"1818\">\n<p data-start=\"1738\" data-end=\"1818\"><strong data-start=\"1738\" data-end=\"1755\">Applications :<\/strong> Cabines de douche en verre sans cadre dans les maisons, les h\u00f4tels et les spas<\/p>\n<\/li>\n<\/ul>\n<p data-start=\"1820\" data-end=\"1841\"><strong data-start=\"1820\" data-end=\"1839\">Caract\u00e9ristiques:<\/strong><\/p>\n<ul data-start=\"1842\" data-end=\"2156\">\n<li data-start=\"1842\" data-end=\"1864\">\n<p data-start=\"1844\" data-end=\"1864\"><strong data-start=\"1844\" data-end=\"1854\">Mod\u00e8le :<\/strong> GTW1501<\/p>\n<\/li>\n<li data-start=\"1865\" data-end=\"1902\">\n<p data-start=\"1867\" data-end=\"1902\"><strong data-start=\"1867\" data-end=\"1876\">Taper:<\/strong> Charni\u00e8re mur-verre \u00e0 90<\/p>\n<\/li>\n<li data-start=\"1903\" data-end=\"1926\">\n<p data-start=\"1905\" data-end=\"1926\"><strong data-start=\"1905\" data-end=\"1918\">Mat\u00e9riel:<\/strong> Laiton<\/p>\n<\/li>\n<li data-start=\"1927\" data-end=\"1963\">\n<p data-start=\"1929\" data-end=\"1963\"><strong data-start=\"1929\" data-end=\"1954\">S'adapte \u00e0 l'\u00e9paisseur du verre :<\/strong> 6-10mm<\/p>\n<\/li>\n<li data-start=\"1964\" data-end=\"1998\">\n<p data-start=\"1966\" data-end=\"1998\"><strong data-start=\"1966\" data-end=\"1984\">Capacit\u00e9 de charge :<\/strong> 45kg \/ 2pcs<\/p>\n<\/li>\n<li data-start=\"1999\" data-end=\"2031\">\n<p data-start=\"2001\" data-end=\"2031\"><strong data-start=\"2001\" data-end=\"2024\">Angle de fermeture automatique :<\/strong> ~30\u00b0<\/p>\n<\/li>\n<li data-start=\"2032\" data-end=\"2067\">\n<p data-start=\"2034\" data-end=\"2067\"><strong data-start=\"2034\" data-end=\"2061\">Angle de charni\u00e8re r\u00e9glable :<\/strong> Oui<\/p>\n<\/li>\n<li data-start=\"2068\" data-end=\"2156\">\n<p data-start=\"2070\" data-end=\"2156\"><strong data-start=\"2070\" data-end=\"2083\">Finitions :<\/strong> Chrome poli, Or poli, Nickel bross\u00e9, M\u00e9tal Gun, Noir mat<\/p>\n<\/li>\n<\/ul>","protected":false},"excerpt":{"rendered":"<ul>\n<li>Mat\u00e9riel: Laiton<\/li>\n<li>\u00c9paisseur du verre : 6 \u00e0 10 mm<\/li>\n<li>Fermeture automatique \u00e0 environ 30\u00b0<\/li>\n<li>Max. poids de la porte en verre : 45 kg \/ 2 pi\u00e8ces<\/li>\n<li>Verre au mur 90\u00b0<\/li>\n<li>Angle de charni\u00e8re r\u00e9glable<\/li>\n<li>Finition : Chrome poli ; Or poli\u00a0; Nickel bross\u00e9\u00a0; M\u00e9tal \u00e0 canon\u00a0; Noir mat<\/li>\n<\/ul>","protected":false},"featured_media":3046,"comment_status":"open","ping_status":"closed","template":"","meta":{"_acf_changed":false},"product_brand":[],"product_cat":[21,20],"product_tag":[131],"class_list":{"0":"post-860","1":"product","2":"type-product","3":"status-publish","4":"has-post-thumbnail","6":"product_cat-glass-to-wall-hinges","7":"product_cat-shower-door-hinges","8":"product_tag-wall-mount-hinges","9":"pa_finish-brushed-nickel","10":"pa_finish-chrome","11":"pa_finish-gold","12":"pa_finish-gun-metal","13":"pa_finish-black","14":"pa_glass-thickness-6-10-mm","15":"pa_load-bearing-45kg-2pcs","16":"pa_material-brass","18":"first","19":"instock","20":"product-type-variable","21":"has-default-attributes"},"acf":[],"_links":{"self":[{"href":"https:\/\/showerglasshardware.com\/fr-fr\/wp-json\/wp\/v2\/product\/860","targetHints":{"allow":["GET"]}}],"collection":[{"href":"https:\/\/showerglasshardware.com\/fr-fr\/wp-json\/wp\/v2\/product"}],"about":[{"href":"https:\/\/showerglasshardware.com\/fr-fr\/wp-json\/wp\/v2\/types\/product"}],"replies":[{"embeddable":true,"href":"https:\/\/showerglasshardware.com\/fr-fr\/wp-json\/wp\/v2\/comments?post=860"}],"version-history":[{"count":3,"href":"https:\/\/showerglasshardware.com\/fr-fr\/wp-json\/wp\/v2\/product\/860\/revisions"}],"predecessor-version":[{"id":4405,"href":"https:\/\/showerglasshardware.com\/fr-fr\/wp-json\/wp\/v2\/product\/860\/revisions\/4405"}],"wp:featuredmedia":[{"embeddable":true,"href":"https:\/\/showerglasshardware.com\/fr-fr\/wp-json\/wp\/v2\/media\/3046"}],"wp:attachment":[{"href":"https:\/\/showerglasshardware.com\/fr-fr\/wp-json\/wp\/v2\/media?parent=860"}],"wp:term":[{"taxonomy":"product_brand","embeddable":true,"href":"https:\/\/showerglasshardware.com\/fr-fr\/wp-json\/wp\/v2\/product_brand?post=860"},{"taxonomy":"product_cat","embeddable":true,"href":"https:\/\/showerglasshardware.com\/fr-fr\/wp-json\/wp\/v2\/product_cat?post=860"},{"taxonomy":"product_tag","embeddable":true,"href":"https:\/\/showerglasshardware.com\/fr-fr\/wp-json\/wp\/v2\/product_tag?post=860"}],"curies":[{"name":"wp","href":"https:\/\/api.w.org\/{rel}","templated":true}]}}