{"id":864,"date":"2024-04-17T03:29:57","date_gmt":"2024-04-17T03:29:57","guid":{"rendered":"https:\/\/showerglasshardware.com\/?post_type=product&#038;p=864"},"modified":"2025-11-21T02:39:11","modified_gmt":"2025-11-21T02:39:11","slug":"glass-to-wall-adjustable-lift-off-shower-hinge-sgh-l111","status":"publish","type":"product","link":"https:\/\/showerglasshardware.com\/fr-fr\/product\/glass-to-wall-adjustable-lift-off-shower-hinge-sgh-l111\/","title":{"rendered":"Charni\u00e8re de douche r\u00e9glable verre au mur SGH-L111"},"content":{"rendered":"<p data-start=\"488\" data-end=\"692\">La charni\u00e8re de douche SGH-L111 \u00e0 soul\u00e8vement lat\u00e9ral gauche, ajustable entre le verre et le mur, allie robustesse, commodit\u00e9 et pr\u00e9cision d'ajustement, ce qui en fait un excellent choix pour les cabines de douche modernes sans cadre.<\/p>\n<p data-start=\"694\" data-end=\"969\">Cette charni\u00e8re permet de retirer rapidement et facilement la porte pour la nettoyer ou l'entretenir, sans qu'il soit n\u00e9cessaire de la d\u00e9monter enti\u00e8rement. Le m\u00e9canisme r\u00e9glable permet un alignement parfait, m\u00eame apr\u00e8s l'installation, ce qui garantit un fonctionnement en douceur et une \u00e9tanch\u00e9it\u00e9 optimale.<\/p>\n<p data-start=\"971\" data-end=\"1254\">Fabriqu\u00e9e en laiton massif pour sa durabilit\u00e9 et sa r\u00e9sistance \u00e0 la corrosion, cette charni\u00e8re convient aux vitres d'une \u00e9paisseur de 6 \u00e0 12 mm et supporte jusqu'\u00e0 45 kg par deux charni\u00e8res. Sa configuration verre\/mur offre un montage s\u00fbr et stable tout en conservant un aspect minimaliste sans cadre.<\/p>\n<p data-start=\"1256\" data-end=\"1275\"><strong data-start=\"1256\" data-end=\"1273\">Principales caract\u00e9ristiques:<\/strong><\/p>\n<ul data-start=\"1276\" data-end=\"1759\">\n<li data-start=\"1276\" data-end=\"1347\">\n<p data-start=\"1278\" data-end=\"1347\"><strong data-start=\"1278\" data-end=\"1287\">Taper:<\/strong> Charni\u00e8re de douche verre\/mur, r\u00e9glable sur le c\u00f4t\u00e9 gauche et relevable<\/p>\n<\/li>\n<li data-start=\"1348\" data-end=\"1405\">\n<p data-start=\"1350\" data-end=\"1405\"><strong data-start=\"1350\" data-end=\"1363\">Mat\u00e9riel:<\/strong> Laiton massif pour une longue dur\u00e9e de vie<\/p>\n<\/li>\n<li data-start=\"1406\" data-end=\"1458\">\n<p data-start=\"1408\" data-end=\"1458\"><strong data-start=\"1408\" data-end=\"1432\">Compatibilit\u00e9 du verre\u00a0:<\/strong> Convient au verre d'une \u00e9paisseur de 6 \u00e0 12 mm<\/p>\n<\/li>\n<li data-start=\"1459\" data-end=\"1516\">\n<p data-start=\"1461\" data-end=\"1516\"><strong data-start=\"1461\" data-end=\"1479\">Capacit\u00e9 de charge :<\/strong> Supporte jusqu'\u00e0 45 kg par deux charni\u00e8res<\/p>\n<\/li>\n<li data-start=\"1517\" data-end=\"1586\">\n<p data-start=\"1519\" data-end=\"1586\"><strong data-start=\"1519\" data-end=\"1530\">Conception :<\/strong> La structure de levage permet d'enlever et de nettoyer facilement la porte.<\/p>\n<\/li>\n<li data-start=\"1587\" data-end=\"1656\">\n<p data-start=\"1589\" data-end=\"1656\"><strong data-start=\"1589\" data-end=\"1604\">Ajustement :<\/strong> R\u00e9glage de l'alignement int\u00e9gr\u00e9 pour un ajustement pr\u00e9cis<\/p>\n<\/li>\n<li data-start=\"1657\" data-end=\"1759\">\n<p data-start=\"1659\" data-end=\"1759\"><strong data-start=\"1659\" data-end=\"1676\">Applications :<\/strong> Convient aux portes de douche en verre sans cadre dans les environnements r\u00e9sidentiels et commerciaux<\/p>\n<\/li>\n<\/ul>\n<p data-start=\"1761\" data-end=\"1782\"><strong data-start=\"1761\" data-end=\"1780\">Caract\u00e9ristiques:<\/strong><\/p>\n<ul data-start=\"1783\" data-end=\"2092\">\n<li data-start=\"1783\" data-end=\"1806\">\n<p data-start=\"1785\" data-end=\"1806\"><strong data-start=\"1785\" data-end=\"1795\">Mod\u00e8le :<\/strong> SGH-L111<\/p>\n<\/li>\n<li data-start=\"1807\" data-end=\"1872\">\n<p data-start=\"1809\" data-end=\"1872\"><strong data-start=\"1809\" data-end=\"1818\">Taper:<\/strong> Charni\u00e8re verre-mur, relevable \u00e0 gauche, r\u00e9glable<\/p>\n<\/li>\n<li data-start=\"1873\" data-end=\"1896\">\n<p data-start=\"1875\" data-end=\"1896\"><strong data-start=\"1875\" data-end=\"1888\">Mat\u00e9riel:<\/strong> Laiton<\/p>\n<\/li>\n<li data-start=\"1897\" data-end=\"1933\">\n<p data-start=\"1899\" data-end=\"1933\"><strong data-start=\"1899\" data-end=\"1924\">S'adapte \u00e0 l'\u00e9paisseur du verre :<\/strong> 6-12mm<\/p>\n<\/li>\n<li data-start=\"1934\" data-end=\"1970\">\n<p data-start=\"1936\" data-end=\"1970\"><strong data-start=\"1936\" data-end=\"1956\">Poids maximal de la porte :<\/strong> 45kg \/ 2pcs<\/p>\n<\/li>\n<li data-start=\"1971\" data-end=\"1997\">\n<p data-start=\"1973\" data-end=\"1997\"><strong data-start=\"1973\" data-end=\"1991\">Plage d'ouverture :<\/strong> 90\u00b0<\/p>\n<\/li>\n<li data-start=\"1998\" data-end=\"2092\">\n<p data-start=\"2000\" data-end=\"2092\"><strong data-start=\"2000\" data-end=\"2019\">Options de finition :<\/strong> Chrome poli, Or poli, Nickel bross\u00e9, M\u00e9tal Gun, Noir mat<\/p>\n<\/li>\n<\/ul>","protected":false},"excerpt":{"rendered":"<ul>\n<li>Charni\u00e8re de douche relevable verre \u00e0 mur (gauche)<\/li>\n<li>Mat\u00e9riel: Laiton<\/li>\n<li>\u00c9paisseur du verre : 6 \u00e0 12 mm<\/li>\n<li>Poids maximum de la porte vitr\u00e9e : 45 kg\/2 pi\u00e8ces<\/li>\n<li>Finition : Chrome poli, Or poli, Nickel bross\u00e9Gun metal, Noir mat<\/li>\n<\/ul>","protected":false},"featured_media":3044,"comment_status":"open","ping_status":"closed","template":"","meta":{"_acf_changed":false},"product_brand":[],"product_cat":[20,106],"product_tag":[130],"class_list":{"0":"post-864","1":"product","2":"type-product","3":"status-publish","4":"has-post-thumbnail","6":"product_cat-shower-door-hinges","7":"product_cat-lift-off-shower-hinges","8":"product_tag-lift-off-shower-hinges","9":"pa_finish-brushed-nickel","10":"pa_finish-chrome","11":"pa_finish-gold","12":"pa_finish-gun-metal","13":"pa_finish-black","14":"pa_glass-thickness-6-12mm","15":"pa_material-brass","16":"pa_size-5877mm","18":"first","19":"instock","20":"purchasable","21":"product-type-variable","22":"has-default-attributes"},"acf":[],"_links":{"self":[{"href":"https:\/\/showerglasshardware.com\/fr-fr\/wp-json\/wp\/v2\/product\/864","targetHints":{"allow":["GET"]}}],"collection":[{"href":"https:\/\/showerglasshardware.com\/fr-fr\/wp-json\/wp\/v2\/product"}],"about":[{"href":"https:\/\/showerglasshardware.com\/fr-fr\/wp-json\/wp\/v2\/types\/product"}],"replies":[{"embeddable":true,"href":"https:\/\/showerglasshardware.com\/fr-fr\/wp-json\/wp\/v2\/comments?post=864"}],"version-history":[{"count":2,"href":"https:\/\/showerglasshardware.com\/fr-fr\/wp-json\/wp\/v2\/product\/864\/revisions"}],"predecessor-version":[{"id":4712,"href":"https:\/\/showerglasshardware.com\/fr-fr\/wp-json\/wp\/v2\/product\/864\/revisions\/4712"}],"wp:featuredmedia":[{"embeddable":true,"href":"https:\/\/showerglasshardware.com\/fr-fr\/wp-json\/wp\/v2\/media\/3044"}],"wp:attachment":[{"href":"https:\/\/showerglasshardware.com\/fr-fr\/wp-json\/wp\/v2\/media?parent=864"}],"wp:term":[{"taxonomy":"product_brand","embeddable":true,"href":"https:\/\/showerglasshardware.com\/fr-fr\/wp-json\/wp\/v2\/product_brand?post=864"},{"taxonomy":"product_cat","embeddable":true,"href":"https:\/\/showerglasshardware.com\/fr-fr\/wp-json\/wp\/v2\/product_cat?post=864"},{"taxonomy":"product_tag","embeddable":true,"href":"https:\/\/showerglasshardware.com\/fr-fr\/wp-json\/wp\/v2\/product_tag?post=864"}],"curies":[{"name":"wp","href":"https:\/\/api.w.org\/{rel}","templated":true}]}}