{"id":868,"date":"2024-04-17T03:31:15","date_gmt":"2024-04-17T03:31:15","guid":{"rendered":"https:\/\/showerglasshardware.com\/?post_type=product&#038;p=868"},"modified":"2025-11-21T07:12:18","modified_gmt":"2025-11-21T07:12:18","slug":"glass-to-wall-adjustable-lift-off-shower-hinge-sgh-r111","status":"publish","type":"product","link":"https:\/\/showerglasshardware.com\/fr-fr\/product\/glass-to-wall-adjustable-lift-off-shower-hinge-sgh-r111\/","title":{"rendered":"Charni\u00e8re de douche r\u00e9glable verre au mur SGH-R111"},"content":{"rendered":"<p data-start=\"490\" data-end=\"685\">La charni\u00e8re de douche SGH-R111 est une charni\u00e8re en laiton de haute qualit\u00e9 con\u00e7ue pour les cabines de douche sans cadre qui requi\u00e8rent \u00e0 la fois robustesse et commodit\u00e9.<\/p>\n<p data-start=\"687\" data-end=\"916\">Sa conception \u00e0 d\u00e9collement permet de retirer facilement la porte pour la nettoyer ou l'entretenir sans d\u00e9monter l'ensemble du cadre, tandis que la fonction d'alignement r\u00e9glable assure un positionnement parfait de la porte, m\u00eame apr\u00e8s l'installation.<\/p>\n<p data-start=\"918\" data-end=\"1176\">Fabriqu\u00e9e en laiton massif pour une r\u00e9sistance exceptionnelle \u00e0 la corrosion, cette charni\u00e8re s'adapte au verre d'une \u00e9paisseur de 6 \u00e0 12 mm et supporte jusqu'\u00e0 45 kg par deux charni\u00e8res. La configuration verre\/mur permet un montage s\u00fbr tout en conservant un aspect propre et moderne sans cadre.<\/p>\n<p data-start=\"1178\" data-end=\"1197\"><strong data-start=\"1178\" data-end=\"1195\">Principales caract\u00e9ristiques:<\/strong><\/p>\n<ul data-start=\"1198\" data-end=\"1681\">\n<li data-start=\"1198\" data-end=\"1270\">\n<p data-start=\"1200\" data-end=\"1270\"><strong data-start=\"1200\" data-end=\"1209\">Taper:<\/strong> Charni\u00e8re de douche verre-mur, ajustable \u00e0 droite et relevable<\/p>\n<\/li>\n<li data-start=\"1271\" data-end=\"1335\">\n<p data-start=\"1273\" data-end=\"1335\"><strong data-start=\"1273\" data-end=\"1286\">Mat\u00e9riel:<\/strong> Laiton massif pour la durabilit\u00e9 et la r\u00e9sistance \u00e0 la rouille<\/p>\n<\/li>\n<li data-start=\"1336\" data-end=\"1388\">\n<p data-start=\"1338\" data-end=\"1388\"><strong data-start=\"1338\" data-end=\"1362\">Compatibilit\u00e9 du verre\u00a0:<\/strong> Convient au verre d'une \u00e9paisseur de 6 \u00e0 12 mm<\/p>\n<\/li>\n<li data-start=\"1389\" data-end=\"1446\">\n<p data-start=\"1391\" data-end=\"1446\"><strong data-start=\"1391\" data-end=\"1409\">Capacit\u00e9 de charge :<\/strong> Supporte jusqu'\u00e0 45 kg par deux charni\u00e8res<\/p>\n<\/li>\n<li data-start=\"1447\" data-end=\"1516\">\n<p data-start=\"1449\" data-end=\"1516\"><strong data-start=\"1449\" data-end=\"1460\">Conception :<\/strong> La structure de levage permet d'enlever et de nettoyer facilement la porte.<\/p>\n<\/li>\n<li data-start=\"1517\" data-end=\"1586\">\n<p data-start=\"1519\" data-end=\"1586\"><strong data-start=\"1519\" data-end=\"1534\">Ajustement :<\/strong> R\u00e9glage de l'alignement int\u00e9gr\u00e9 pour un ajustement pr\u00e9cis<\/p>\n<\/li>\n<li data-start=\"1587\" data-end=\"1681\">\n<p data-start=\"1589\" data-end=\"1681\"><strong data-start=\"1589\" data-end=\"1606\">Applications :<\/strong> Id\u00e9al pour les portes de douche sans cadre dans les salles de bains r\u00e9sidentielles et commerciales<\/p>\n<\/li>\n<\/ul>\n<p data-start=\"1683\" data-end=\"1704\"><strong data-start=\"1683\" data-end=\"1702\">Caract\u00e9ristiques:<\/strong><\/p>\n<ul data-start=\"1705\" data-end=\"2015\">\n<li data-start=\"1705\" data-end=\"1728\">\n<p data-start=\"1707\" data-end=\"1728\"><strong data-start=\"1707\" data-end=\"1717\">Mod\u00e8le :<\/strong> SGH-R111<\/p>\n<\/li>\n<li data-start=\"1729\" data-end=\"1795\">\n<p data-start=\"1731\" data-end=\"1795\"><strong data-start=\"1731\" data-end=\"1740\">Taper:<\/strong> Charni\u00e8re verre-mur, relevable \u00e0 droite, r\u00e9glable<\/p>\n<\/li>\n<li data-start=\"1796\" data-end=\"1819\">\n<p data-start=\"1798\" data-end=\"1819\"><strong data-start=\"1798\" data-end=\"1811\">Mat\u00e9riel:<\/strong> Laiton<\/p>\n<\/li>\n<li data-start=\"1820\" data-end=\"1856\">\n<p data-start=\"1822\" data-end=\"1856\"><strong data-start=\"1822\" data-end=\"1847\">S'adapte \u00e0 l'\u00e9paisseur du verre :<\/strong> 6-12mm<\/p>\n<\/li>\n<li data-start=\"1857\" data-end=\"1893\">\n<p data-start=\"1859\" data-end=\"1893\"><strong data-start=\"1859\" data-end=\"1879\">Poids maximal de la porte :<\/strong> 45kg \/ 2pcs<\/p>\n<\/li>\n<li data-start=\"1894\" data-end=\"1920\">\n<p data-start=\"1896\" data-end=\"1920\"><strong data-start=\"1896\" data-end=\"1914\">Plage d'ouverture :<\/strong> 90\u00b0<\/p>\n<\/li>\n<li data-start=\"1921\" data-end=\"2015\">\n<p data-start=\"1923\" data-end=\"2015\"><strong data-start=\"1923\" data-end=\"1942\">Options de finition :<\/strong> Chrome poli, Or poli, Nickel bross\u00e9, M\u00e9tal Gun, Noir mat<\/p>\n<\/li>\n<\/ul>","protected":false},"excerpt":{"rendered":"<ul>\n<li>Charni\u00e8re de douche relevable verre \u00e0 mur (droite)<\/li>\n<li>Mat\u00e9riel: Laiton<\/li>\n<li>\u00c9paisseur du verre : 6 \u00e0 12 mm<\/li>\n<li>Poids maximum de la porte vitr\u00e9e : 45 kg\/2 pi\u00e8ces<\/li>\n<li>Finition : Chrome poli, Or poli, Nickel bross\u00e9Gun metal, Noir mat<\/li>\n<\/ul>","protected":false},"featured_media":3045,"comment_status":"open","ping_status":"closed","template":"","meta":{"_acf_changed":false},"product_brand":[],"product_cat":[20,106],"product_tag":[130],"class_list":{"0":"post-868","1":"product","2":"type-product","3":"status-publish","4":"has-post-thumbnail","6":"product_cat-shower-door-hinges","7":"product_cat-lift-off-shower-hinges","8":"product_tag-lift-off-shower-hinges","9":"pa_finish-brushed-nickel","10":"pa_finish-chrome","11":"pa_finish-gold","12":"pa_finish-gun-metal","13":"pa_finish-black","14":"pa_glass-thickness-6-12mm","15":"pa_material-brass","16":"pa_size-5877mm","18":"first","19":"instock","20":"purchasable","21":"product-type-variable","22":"has-default-attributes"},"acf":[],"_links":{"self":[{"href":"https:\/\/showerglasshardware.com\/fr-fr\/wp-json\/wp\/v2\/product\/868","targetHints":{"allow":["GET"]}}],"collection":[{"href":"https:\/\/showerglasshardware.com\/fr-fr\/wp-json\/wp\/v2\/product"}],"about":[{"href":"https:\/\/showerglasshardware.com\/fr-fr\/wp-json\/wp\/v2\/types\/product"}],"replies":[{"embeddable":true,"href":"https:\/\/showerglasshardware.com\/fr-fr\/wp-json\/wp\/v2\/comments?post=868"}],"version-history":[{"count":2,"href":"https:\/\/showerglasshardware.com\/fr-fr\/wp-json\/wp\/v2\/product\/868\/revisions"}],"predecessor-version":[{"id":4710,"href":"https:\/\/showerglasshardware.com\/fr-fr\/wp-json\/wp\/v2\/product\/868\/revisions\/4710"}],"wp:featuredmedia":[{"embeddable":true,"href":"https:\/\/showerglasshardware.com\/fr-fr\/wp-json\/wp\/v2\/media\/3045"}],"wp:attachment":[{"href":"https:\/\/showerglasshardware.com\/fr-fr\/wp-json\/wp\/v2\/media?parent=868"}],"wp:term":[{"taxonomy":"product_brand","embeddable":true,"href":"https:\/\/showerglasshardware.com\/fr-fr\/wp-json\/wp\/v2\/product_brand?post=868"},{"taxonomy":"product_cat","embeddable":true,"href":"https:\/\/showerglasshardware.com\/fr-fr\/wp-json\/wp\/v2\/product_cat?post=868"},{"taxonomy":"product_tag","embeddable":true,"href":"https:\/\/showerglasshardware.com\/fr-fr\/wp-json\/wp\/v2\/product_tag?post=868"}],"curies":[{"name":"wp","href":"https:\/\/api.w.org\/{rel}","templated":true}]}}