{"id":872,"date":"2024-04-17T03:36:15","date_gmt":"2024-04-17T03:36:15","guid":{"rendered":"https:\/\/showerglasshardware.com\/?post_type=product&#038;p=872"},"modified":"2025-11-21T07:10:13","modified_gmt":"2025-11-21T07:10:13","slug":"glass-to-glass-left-side-lift-off-shower-hinge-sgh-l112","status":"publish","type":"product","link":"https:\/\/showerglasshardware.com\/fr-fr\/product\/glass-to-glass-left-side-lift-off-shower-hinge-sgh-l112\/","title":{"rendered":"Charni\u00e8re de douche relevable c\u00f4t\u00e9 gauche verre \u00e0 verre SGH-L112"},"content":{"rendered":"<p data-start=\"442\" data-end=\"641\">La charni\u00e8re de douche verre-verre SGH-L112 est une charni\u00e8re de douche en laiton de premi\u00e8re qualit\u00e9, con\u00e7ue pour une installation facile, des performances fiables et un aspect moderne sans cadre.<\/p>\n<p data-start=\"643\" data-end=\"939\">Gr\u00e2ce \u00e0 sa conception \u00e0 d\u00e9clic, la charni\u00e8re permet de retirer rapidement la porte sans d\u00e9monter l'ensemble de l'enceinte, ce qui facilite le nettoyage et l'entretien. Fabriqu\u00e9e en laiton massif, elle offre une solidit\u00e9 et une r\u00e9sistance \u00e0 la corrosion exceptionnelles, ce qui la rend id\u00e9ale pour les salles de bains humides.<\/p>\n<p data-start=\"941\" data-end=\"1111\">Adapt\u00e9e au verre de 6 \u00e0 12 mm d'\u00e9paisseur, cette charni\u00e8re supporte jusqu'\u00e0 45 kg par deux charni\u00e8res et est parfaite pour les raccordements verre-verre dans les cabines de douche sans cadre.<\/p>\n<p data-start=\"1113\" data-end=\"1132\"><strong data-start=\"1113\" data-end=\"1130\">Principales caract\u00e9ristiques:<\/strong><\/p>\n<ul data-start=\"1133\" data-end=\"1540\">\n<li data-start=\"1133\" data-end=\"1194\">\n<p data-start=\"1135\" data-end=\"1194\"><strong data-start=\"1135\" data-end=\"1144\">Taper:<\/strong> Charni\u00e8re de douche relevable \u00e0 gauche, verre \u00e0 verre<\/p>\n<\/li>\n<li data-start=\"1195\" data-end=\"1259\">\n<p data-start=\"1197\" data-end=\"1259\"><strong data-start=\"1197\" data-end=\"1210\">Mat\u00e9riel:<\/strong> Laiton massif pour la durabilit\u00e9 et la r\u00e9sistance \u00e0 la rouille<\/p>\n<\/li>\n<li data-start=\"1260\" data-end=\"1312\">\n<p data-start=\"1262\" data-end=\"1312\"><strong data-start=\"1262\" data-end=\"1286\">Compatibilit\u00e9 du verre\u00a0:<\/strong> Convient au verre d'une \u00e9paisseur de 6 \u00e0 12 mm<\/p>\n<\/li>\n<li data-start=\"1313\" data-end=\"1370\">\n<p data-start=\"1315\" data-end=\"1370\"><strong data-start=\"1315\" data-end=\"1333\">Capacit\u00e9 de charge :<\/strong> Supporte jusqu'\u00e0 45 kg par deux charni\u00e8res<\/p>\n<\/li>\n<li data-start=\"1371\" data-end=\"1440\">\n<p data-start=\"1373\" data-end=\"1440\"><strong data-start=\"1373\" data-end=\"1384\">Conception :<\/strong> La structure de levage permet d'enlever et de nettoyer facilement la porte.<\/p>\n<\/li>\n<li data-start=\"1441\" data-end=\"1540\">\n<p data-start=\"1443\" data-end=\"1540\"><strong data-start=\"1443\" data-end=\"1460\">Applications :<\/strong> Id\u00e9al pour les cabines de douche sans cadre dans les salles de bains r\u00e9sidentielles et commerciales<\/p>\n<\/li>\n<\/ul>\n<p data-start=\"1542\" data-end=\"1563\"><strong data-start=\"1542\" data-end=\"1561\">Caract\u00e9ristiques:<\/strong><\/p>\n<ul data-start=\"1564\" data-end=\"1862\">\n<li data-start=\"1564\" data-end=\"1587\">\n<p data-start=\"1566\" data-end=\"1587\"><strong data-start=\"1566\" data-end=\"1576\">Mod\u00e8le :<\/strong> SGH-L112<\/p>\n<\/li>\n<li data-start=\"1588\" data-end=\"1642\">\n<p data-start=\"1590\" data-end=\"1642\"><strong data-start=\"1590\" data-end=\"1599\">Taper:<\/strong> Verre \u00e0 verre, charni\u00e8re relevable du c\u00f4t\u00e9 gauche<\/p>\n<\/li>\n<li data-start=\"1643\" data-end=\"1666\">\n<p data-start=\"1645\" data-end=\"1666\"><strong data-start=\"1645\" data-end=\"1658\">Mat\u00e9riel:<\/strong> Laiton<\/p>\n<\/li>\n<li data-start=\"1667\" data-end=\"1703\">\n<p data-start=\"1669\" data-end=\"1703\"><strong data-start=\"1669\" data-end=\"1694\">S'adapte \u00e0 l'\u00e9paisseur du verre :<\/strong> 6-12mm<\/p>\n<\/li>\n<li data-start=\"1704\" data-end=\"1740\">\n<p data-start=\"1706\" data-end=\"1740\"><strong data-start=\"1706\" data-end=\"1726\">Poids maximal de la porte :<\/strong> 45kg \/ 2pcs<\/p>\n<\/li>\n<li data-start=\"1741\" data-end=\"1767\">\n<p data-start=\"1743\" data-end=\"1767\"><strong data-start=\"1743\" data-end=\"1761\">Plage d'ouverture :<\/strong> 90\u00b0<\/p>\n<\/li>\n<li data-start=\"1768\" data-end=\"1862\">\n<p data-start=\"1770\" data-end=\"1862\"><strong data-start=\"1770\" data-end=\"1789\">Options de finition :<\/strong> Chrome poli, Or poli, Nickel bross\u00e9, M\u00e9tal Gun, Noir mat<\/p>\n<\/li>\n<\/ul>","protected":false},"excerpt":{"rendered":"<ul>\n<li>Charni\u00e8re de douche relevable c\u00f4t\u00e9 gauche verre \u00e0 verre<\/li>\n<li>Mat\u00e9riel: Laiton<\/li>\n<li>\u00c9paisseur du verre : 6 \u00e0 12 mm<\/li>\n<li>Poids maximum de la porte vitr\u00e9e : 45 kg\/2 pi\u00e8ces<\/li>\n<li>Finition : Chrome poli, Or poli, Nickel bross\u00e9Gun metal, Noir mat<\/li>\n<\/ul>","protected":false},"featured_media":3043,"comment_status":"open","ping_status":"closed","template":"","meta":{"_acf_changed":false},"product_brand":[],"product_cat":[20,106],"product_tag":[130],"class_list":{"0":"post-872","1":"product","2":"type-product","3":"status-publish","4":"has-post-thumbnail","6":"product_cat-shower-door-hinges","7":"product_cat-lift-off-shower-hinges","8":"product_tag-lift-off-shower-hinges","9":"pa_finish-brushed-nickel","10":"pa_finish-chrome","11":"pa_finish-gold","12":"pa_finish-gun-metal","13":"pa_finish-black","14":"pa_glass-thickness-6-12mm","15":"pa_material-brass","16":"pa_size-58119mm","18":"first","19":"instock","20":"purchasable","21":"product-type-variable","22":"has-default-attributes"},"acf":[],"_links":{"self":[{"href":"https:\/\/showerglasshardware.com\/fr-fr\/wp-json\/wp\/v2\/product\/872","targetHints":{"allow":["GET"]}}],"collection":[{"href":"https:\/\/showerglasshardware.com\/fr-fr\/wp-json\/wp\/v2\/product"}],"about":[{"href":"https:\/\/showerglasshardware.com\/fr-fr\/wp-json\/wp\/v2\/types\/product"}],"replies":[{"embeddable":true,"href":"https:\/\/showerglasshardware.com\/fr-fr\/wp-json\/wp\/v2\/comments?post=872"}],"version-history":[{"count":2,"href":"https:\/\/showerglasshardware.com\/fr-fr\/wp-json\/wp\/v2\/product\/872\/revisions"}],"predecessor-version":[{"id":4708,"href":"https:\/\/showerglasshardware.com\/fr-fr\/wp-json\/wp\/v2\/product\/872\/revisions\/4708"}],"wp:featuredmedia":[{"embeddable":true,"href":"https:\/\/showerglasshardware.com\/fr-fr\/wp-json\/wp\/v2\/media\/3043"}],"wp:attachment":[{"href":"https:\/\/showerglasshardware.com\/fr-fr\/wp-json\/wp\/v2\/media?parent=872"}],"wp:term":[{"taxonomy":"product_brand","embeddable":true,"href":"https:\/\/showerglasshardware.com\/fr-fr\/wp-json\/wp\/v2\/product_brand?post=872"},{"taxonomy":"product_cat","embeddable":true,"href":"https:\/\/showerglasshardware.com\/fr-fr\/wp-json\/wp\/v2\/product_cat?post=872"},{"taxonomy":"product_tag","embeddable":true,"href":"https:\/\/showerglasshardware.com\/fr-fr\/wp-json\/wp\/v2\/product_tag?post=872"}],"curies":[{"name":"wp","href":"https:\/\/api.w.org\/{rel}","templated":true}]}}