{"id":876,"date":"2024-04-17T03:43:15","date_gmt":"2024-04-17T03:43:15","guid":{"rendered":"https:\/\/showerglasshardware.com\/?post_type=product&#038;p=876"},"modified":"2025-11-21T07:08:21","modified_gmt":"2025-11-21T07:08:21","slug":"glass-to-glass-right-side-lift-off-shower-hinge-sgh-r112","status":"publish","type":"product","link":"https:\/\/showerglasshardware.com\/fr-fr\/product\/glass-to-glass-right-side-lift-off-shower-hinge-sgh-r112\/","title":{"rendered":"Charni\u00e8re de douche relevable c\u00f4t\u00e9 droit verre \u00e0 verre SGH-R112"},"content":{"rendered":"<p data-start=\"483\" data-end=\"661\">La charni\u00e8re de douche \u00e0 relevage lat\u00e9ral droit SGH-R112 est con\u00e7ue pour une installation pratique, un fonctionnement en douceur et un support fiable dans les cabines de douche sans cadre.<\/p>\n<p data-start=\"663\" data-end=\"937\">Fabriqu\u00e9e en laiton massif, cette charni\u00e8re est compatible avec le verre d'une \u00e9paisseur de 6 \u00e0 12 mm et peut supporter jusqu'\u00e0 45 kg par deux charni\u00e8res. Sa conception permet de retirer la porte plus facilement et d'en faciliter l'entretien, ce qui la rend id\u00e9ale pour les salles de bains r\u00e9sidentielles et commerciales.<\/p>\n<p data-start=\"939\" data-end=\"1095\">Disponible dans les finitions chrome poli, or poli, nickel bross\u00e9, m\u00e9tal arm\u00e9 et noir mat, le SGH-R112 allie durabilit\u00e9 et \u00e9l\u00e9gance.<\/p>\n<p data-start=\"1097\" data-end=\"1116\"><strong data-start=\"1097\" data-end=\"1114\">Principales caract\u00e9ristiques:<\/strong><\/p>\n<ul data-start=\"1117\" data-end=\"1616\">\n<li data-start=\"1117\" data-end=\"1171\">\n<p data-start=\"1119\" data-end=\"1171\"><strong data-start=\"1119\" data-end=\"1128\">Taper:<\/strong> Charni\u00e8re verre-verre relevable \u00e0 droite<\/p>\n<\/li>\n<li data-start=\"1172\" data-end=\"1239\">\n<p data-start=\"1174\" data-end=\"1239\"><strong data-start=\"1174\" data-end=\"1187\">Mat\u00e9riel:<\/strong> Laiton massif pour la solidit\u00e9 et la r\u00e9sistance \u00e0 la corrosion<\/p>\n<\/li>\n<li data-start=\"1240\" data-end=\"1292\">\n<p data-start=\"1242\" data-end=\"1292\"><strong data-start=\"1242\" data-end=\"1266\">Compatibilit\u00e9 du verre\u00a0:<\/strong> Convient au verre d'une \u00e9paisseur de 6 \u00e0 12 mm<\/p>\n<\/li>\n<li data-start=\"1293\" data-end=\"1350\">\n<p data-start=\"1295\" data-end=\"1350\"><strong data-start=\"1295\" data-end=\"1313\">Capacit\u00e9 de charge :<\/strong> Supporte jusqu'\u00e0 45 kg par deux charni\u00e8res<\/p>\n<\/li>\n<li data-start=\"1351\" data-end=\"1429\">\n<p data-start=\"1353\" data-end=\"1429\"><strong data-start=\"1353\" data-end=\"1372\">Avantage de la conception :<\/strong> Fonction de soul\u00e8vement pour faciliter l'enl\u00e8vement et l'entretien de la porte<\/p>\n<\/li>\n<li data-start=\"1430\" data-end=\"1524\">\n<p data-start=\"1432\" data-end=\"1524\"><strong data-start=\"1432\" data-end=\"1451\">Options de finition :<\/strong> Chrome poli, Or poli, Nickel bross\u00e9, M\u00e9tal Gun, Noir mat<\/p>\n<\/li>\n<li data-start=\"1525\" data-end=\"1616\">\n<p data-start=\"1527\" data-end=\"1616\"><strong data-start=\"1527\" data-end=\"1544\">Applications :<\/strong> Portes de douche en verre sans cadre pour les maisons, les h\u00f4tels et les espaces commerciaux<\/p>\n<\/li>\n<\/ul>\n<p data-start=\"1618\" data-end=\"1639\"><strong data-start=\"1618\" data-end=\"1637\">Caract\u00e9ristiques:<\/strong><\/p>\n<ul data-start=\"1640\" data-end=\"1951\">\n<li data-start=\"1640\" data-end=\"1663\">\n<p data-start=\"1642\" data-end=\"1663\"><strong data-start=\"1642\" data-end=\"1652\">Mod\u00e8le :<\/strong> SGH-R112<\/p>\n<\/li>\n<li data-start=\"1664\" data-end=\"1711\">\n<p data-start=\"1666\" data-end=\"1711\"><strong data-start=\"1666\" data-end=\"1675\">Taper:<\/strong> Charni\u00e8re de douche relevable, c\u00f4t\u00e9 droit<\/p>\n<\/li>\n<li data-start=\"1712\" data-end=\"1735\">\n<p data-start=\"1714\" data-end=\"1735\"><strong data-start=\"1714\" data-end=\"1727\">Mat\u00e9riel:<\/strong> Laiton<\/p>\n<\/li>\n<li data-start=\"1736\" data-end=\"1772\">\n<p data-start=\"1738\" data-end=\"1772\"><strong data-start=\"1738\" data-end=\"1763\">S'adapte \u00e0 l'\u00e9paisseur du verre :<\/strong> 6-12mm<\/p>\n<\/li>\n<li data-start=\"1773\" data-end=\"1807\">\n<p data-start=\"1775\" data-end=\"1807\"><strong data-start=\"1775\" data-end=\"1793\">Capacit\u00e9 de charge :<\/strong> 45kg \/ 2pcs<\/p>\n<\/li>\n<li data-start=\"1808\" data-end=\"1896\">\n<p data-start=\"1810\" data-end=\"1896\"><strong data-start=\"1810\" data-end=\"1823\">Finitions :<\/strong> Chrome poli, Or poli, Nickel bross\u00e9, M\u00e9tal Gun, Noir mat<\/p>\n<\/li>\n<li data-start=\"1897\" data-end=\"1951\">\n<p data-start=\"1899\" data-end=\"1951\"><strong data-start=\"1899\" data-end=\"1915\">Application:<\/strong> Parois de douche en verre sans cadre<\/p>\n<\/li>\n<\/ul>","protected":false},"excerpt":{"rendered":"<ul>\n<li>Charni\u00e8re de douche relevable verre \u00e0 verre c\u00f4t\u00e9 droit<\/li>\n<li>Mat\u00e9riel: Laiton<\/li>\n<li>\u00c9paisseur du verre : 6 \u00e0 12 mm<\/li>\n<li>Poids maximum de la porte vitr\u00e9e : 45 kg\/2 pi\u00e8ces<\/li>\n<li>Finition : Chrome poli, Or poli, Nickel bross\u00e9Gun metal, Noir mat<\/li>\n<\/ul>","protected":false},"featured_media":3042,"comment_status":"open","ping_status":"closed","template":"","meta":{"_acf_changed":false},"product_brand":[],"product_cat":[20,106],"product_tag":[130],"class_list":{"0":"post-876","1":"product","2":"type-product","3":"status-publish","4":"has-post-thumbnail","6":"product_cat-shower-door-hinges","7":"product_cat-lift-off-shower-hinges","8":"product_tag-lift-off-shower-hinges","9":"pa_finish-brushed-nickel","10":"pa_finish-chrome","11":"pa_finish-gold","12":"pa_finish-gun-metal","13":"pa_finish-black","14":"pa_glass-thickness-6-12mm","15":"pa_material-brass","16":"pa_size-58119mm","18":"first","19":"instock","20":"purchasable","21":"product-type-variable","22":"has-default-attributes"},"acf":[],"_links":{"self":[{"href":"https:\/\/showerglasshardware.com\/fr-fr\/wp-json\/wp\/v2\/product\/876","targetHints":{"allow":["GET"]}}],"collection":[{"href":"https:\/\/showerglasshardware.com\/fr-fr\/wp-json\/wp\/v2\/product"}],"about":[{"href":"https:\/\/showerglasshardware.com\/fr-fr\/wp-json\/wp\/v2\/types\/product"}],"replies":[{"embeddable":true,"href":"https:\/\/showerglasshardware.com\/fr-fr\/wp-json\/wp\/v2\/comments?post=876"}],"version-history":[{"count":2,"href":"https:\/\/showerglasshardware.com\/fr-fr\/wp-json\/wp\/v2\/product\/876\/revisions"}],"predecessor-version":[{"id":4684,"href":"https:\/\/showerglasshardware.com\/fr-fr\/wp-json\/wp\/v2\/product\/876\/revisions\/4684"}],"wp:featuredmedia":[{"embeddable":true,"href":"https:\/\/showerglasshardware.com\/fr-fr\/wp-json\/wp\/v2\/media\/3042"}],"wp:attachment":[{"href":"https:\/\/showerglasshardware.com\/fr-fr\/wp-json\/wp\/v2\/media?parent=876"}],"wp:term":[{"taxonomy":"product_brand","embeddable":true,"href":"https:\/\/showerglasshardware.com\/fr-fr\/wp-json\/wp\/v2\/product_brand?post=876"},{"taxonomy":"product_cat","embeddable":true,"href":"https:\/\/showerglasshardware.com\/fr-fr\/wp-json\/wp\/v2\/product_cat?post=876"},{"taxonomy":"product_tag","embeddable":true,"href":"https:\/\/showerglasshardware.com\/fr-fr\/wp-json\/wp\/v2\/product_tag?post=876"}],"curies":[{"name":"wp","href":"https:\/\/api.w.org\/{rel}","templated":true}]}}