{"id":991,"date":"2024-04-20T13:05:06","date_gmt":"2024-04-20T13:05:06","guid":{"rendered":"https:\/\/showerglasshardware.com\/?post_type=product&#038;p=991"},"modified":"2026-03-30T05:57:34","modified_gmt":"2026-03-30T05:57:34","slug":"90-degree-glass-to-glass-shower-door-hinge-sgh-gtg102","status":"publish","type":"product","link":"https:\/\/showerglasshardware.com\/fr-fr\/product\/90-degree-glass-to-glass-shower-door-hinge-sgh-gtg102\/","title":{"rendered":"Charni\u00e8re de porte de douche verre-verre \u00e0 90 degr\u00e9s SGH-GTG102"},"content":{"rendered":"<p data-start=\"399\" data-end=\"579\">La charni\u00e8re de porte de douche verre-verre SGH-GTG102 \u00e0 90\u00b0 est fabriqu\u00e9e en laiton massif, ce qui lui conf\u00e8re solidit\u00e9, durabilit\u00e9 et un aspect moderne et \u00e9l\u00e9gant pour les cabines de douche sans cadre.<\/p>\n<p data-start=\"581\" data-end=\"918\">Con\u00e7ue pour un verre de 8 \u00e0 12 mm d'\u00e9paisseur, cette charni\u00e8re assure une connexion s\u00fbre \u00e0 90\u00b0 entre deux panneaux de verre, ce qui la rend id\u00e9ale pour les configurations de portes de douche \u00e0 angle droit. Son m\u00e9canisme de fermeture automatique \u00e0 environ 30\u00b0 assure une fermeture douce et silencieuse, contribuant \u00e0 pr\u00e9venir les fuites d'eau tout en am\u00e9liorant l'exp\u00e9rience de l'utilisateur.<\/p>\n<p data-start=\"920\" data-end=\"1110\">Avec une capacit\u00e9 de charge de 45 kg par deux charni\u00e8res, le SGH-GTG102 est parfait pour les installations de douches r\u00e9sidentielles et commerciales o\u00f9 la fiabilit\u00e9 et le style sont tout aussi importants.<\/p>\n<p data-start=\"1112\" data-end=\"1131\"><strong data-start=\"1112\" data-end=\"1129\">Principales caract\u00e9ristiques:<\/strong><\/p>\n<ul data-start=\"1132\" data-end=\"1530\">\n<li data-start=\"1132\" data-end=\"1188\">\n<p data-start=\"1134\" data-end=\"1188\"><strong data-start=\"1134\" data-end=\"1143\">Taper:<\/strong> Charni\u00e8re 90\u00b0 en laiton pour porte de douche verre-verre<\/p>\n<\/li>\n<li data-start=\"1189\" data-end=\"1253\">\n<p data-start=\"1191\" data-end=\"1253\"><strong data-start=\"1191\" data-end=\"1204\">Mat\u00e9riel:<\/strong> Laiton massif pour la durabilit\u00e9 et la r\u00e9sistance \u00e0 la rouille<\/p>\n<\/li>\n<li data-start=\"1254\" data-end=\"1306\">\n<p data-start=\"1256\" data-end=\"1306\"><strong data-start=\"1256\" data-end=\"1280\">Compatibilit\u00e9 du verre\u00a0:<\/strong> Convient au verre de 8 \u00e0 12 mm d'\u00e9paisseur<\/p>\n<\/li>\n<li data-start=\"1307\" data-end=\"1364\">\n<p data-start=\"1309\" data-end=\"1364\"><strong data-start=\"1309\" data-end=\"1327\">Capacit\u00e9 de charge :<\/strong> Supporte jusqu'\u00e0 45 kg par deux charni\u00e8res<\/p>\n<\/li>\n<li data-start=\"1365\" data-end=\"1439\">\n<p data-start=\"1367\" data-end=\"1439\"><strong data-start=\"1367\" data-end=\"1384\">Fermeture automatique :<\/strong> Fermeture automatique \u00e0 ~30\u00b0 pour un meilleur contr\u00f4le de l'eau<\/p>\n<\/li>\n<li data-start=\"1440\" data-end=\"1530\">\n<p data-start=\"1442\" data-end=\"1530\"><strong data-start=\"1442\" data-end=\"1459\">Applications :<\/strong> Convient aux portes de douche en verre sans cadre dans les maisons, les h\u00f4tels et les spas<\/p>\n<\/li>\n<\/ul>\n<p data-start=\"1532\" data-end=\"1553\"><strong data-start=\"1532\" data-end=\"1551\">Caract\u00e9ristiques:<\/strong><\/p>\n<ul data-start=\"1554\" data-end=\"1872\">\n<li data-start=\"1554\" data-end=\"1579\">\n<p data-start=\"1556\" data-end=\"1579\"><strong data-start=\"1556\" data-end=\"1566\">Mod\u00e8le :<\/strong> SGH-GTG102<\/p>\n<\/li>\n<li data-start=\"1580\" data-end=\"1619\">\n<p data-start=\"1582\" data-end=\"1619\"><strong data-start=\"1582\" data-end=\"1591\">Taper:<\/strong> Charni\u00e8re verre-verre, 90<\/p>\n<\/li>\n<li data-start=\"1620\" data-end=\"1643\">\n<p data-start=\"1622\" data-end=\"1643\"><strong data-start=\"1622\" data-end=\"1635\">Mat\u00e9riel:<\/strong> Laiton<\/p>\n<\/li>\n<li data-start=\"1644\" data-end=\"1680\">\n<p data-start=\"1646\" data-end=\"1680\"><strong data-start=\"1646\" data-end=\"1671\">S'adapte \u00e0 l'\u00e9paisseur du verre :<\/strong> 8-12mm<\/p>\n<\/li>\n<li data-start=\"1681\" data-end=\"1717\">\n<p data-start=\"1683\" data-end=\"1717\"><strong data-start=\"1683\" data-end=\"1703\">Poids maximal de la porte :<\/strong> 45kg \/ 2pcs<\/p>\n<\/li>\n<li data-start=\"1718\" data-end=\"1750\">\n<p data-start=\"1720\" data-end=\"1750\"><strong data-start=\"1720\" data-end=\"1743\">Angle de fermeture automatique :<\/strong> ~30\u00b0<\/p>\n<\/li>\n<li data-start=\"1751\" data-end=\"1777\">\n<p data-start=\"1753\" data-end=\"1777\"><strong data-start=\"1753\" data-end=\"1771\">Plage d'ouverture :<\/strong> 90\u00b0<\/p>\n<\/li>\n<li data-start=\"1778\" data-end=\"1872\">\n<p data-start=\"1780\" data-end=\"1872\"><strong data-start=\"1780\" data-end=\"1799\">Options de finition :<\/strong> Chrome poli, Or poli, Nickel bross\u00e9, M\u00e9tal Gun, Noir mat<\/p>\n<\/li>\n<\/ul>","protected":false},"excerpt":{"rendered":"<ul>\n<li>Mat\u00e9riel: Laiton<\/li>\n<li>\u00c9paisseur du verre : 8 \u00e0 12 mm<\/li>\n<li>Fermeture automatique \u00e0 environ 30\u00b0<\/li>\n<li>Max. poids de la porte en verre : 45 kg \/ 2 pi\u00e8ces<\/li>\n<li>Verre \u00e0 Verre 90\u00b0<\/li>\n<li>Finition : Chrome poli ; Or poli\u00a0; Nickel bross\u00e9\u00a0; M\u00e9tal \u00e0 canon\u00a0; Noir mat<\/li>\n<\/ul>","protected":false},"featured_media":3041,"comment_status":"open","ping_status":"closed","template":"","meta":{"_acf_changed":false},"product_brand":[],"product_cat":[22,20],"product_tag":[171],"class_list":{"0":"post-991","1":"product","2":"type-product","3":"status-publish","4":"has-post-thumbnail","6":"product_cat-glass-to-glass-hinges","7":"product_cat-shower-door-hinges","8":"product_tag-glass-to-glass-hinges","9":"pa_finish-brushed-nickel","10":"pa_finish-chrome","11":"pa_finish-gold","12":"pa_finish-gun-metal","13":"pa_finish-black","14":"pa_glass-thickness-8-12mm","15":"pa_load-bearing-45kg-2pcs","16":"pa_material-brass","18":"first","19":"instock","20":"purchasable","21":"product-type-variable"},"acf":[],"_links":{"self":[{"href":"https:\/\/showerglasshardware.com\/fr-fr\/wp-json\/wp\/v2\/product\/991","targetHints":{"allow":["GET"]}}],"collection":[{"href":"https:\/\/showerglasshardware.com\/fr-fr\/wp-json\/wp\/v2\/product"}],"about":[{"href":"https:\/\/showerglasshardware.com\/fr-fr\/wp-json\/wp\/v2\/types\/product"}],"replies":[{"embeddable":true,"href":"https:\/\/showerglasshardware.com\/fr-fr\/wp-json\/wp\/v2\/comments?post=991"}],"version-history":[{"count":5,"href":"https:\/\/showerglasshardware.com\/fr-fr\/wp-json\/wp\/v2\/product\/991\/revisions"}],"predecessor-version":[{"id":5274,"href":"https:\/\/showerglasshardware.com\/fr-fr\/wp-json\/wp\/v2\/product\/991\/revisions\/5274"}],"wp:featuredmedia":[{"embeddable":true,"href":"https:\/\/showerglasshardware.com\/fr-fr\/wp-json\/wp\/v2\/media\/3041"}],"wp:attachment":[{"href":"https:\/\/showerglasshardware.com\/fr-fr\/wp-json\/wp\/v2\/media?parent=991"}],"wp:term":[{"taxonomy":"product_brand","embeddable":true,"href":"https:\/\/showerglasshardware.com\/fr-fr\/wp-json\/wp\/v2\/product_brand?post=991"},{"taxonomy":"product_cat","embeddable":true,"href":"https:\/\/showerglasshardware.com\/fr-fr\/wp-json\/wp\/v2\/product_cat?post=991"},{"taxonomy":"product_tag","embeddable":true,"href":"https:\/\/showerglasshardware.com\/fr-fr\/wp-json\/wp\/v2\/product_tag?post=991"}],"curies":[{"name":"wp","href":"https:\/\/api.w.org\/{rel}","templated":true}]}}